{"id":29795,"date":"2020-01-21T11:36:56","date_gmt":"2020-01-21T16:36:56","guid":{"rendered":"https:\/\/intermiel.com\/?page_id=29795"},"modified":"2025-02-13T11:19:51","modified_gmt":"2025-02-13T16:19:51","slug":"terms-of-use-and-sales","status":"publish","type":"page","link":"https:\/\/intermiel.com\/en\/terms-of-use-and-sales\/","title":{"rendered":"Terms of Use and Sales"},"content":{"rendered":"<h4>1. Conditions utilisation et des ventes\u00a0<\/h4>\n<p>Votre utilisation du site web intermiel.com (le \u00ab Site \u00bb) d\u2019 Intermiel inc. (\u00ab Intermiel \u00bb) indique que vous acceptez les pr\u00e9sentes conditions d\u2019utilisation et des ventes (les \u00ab Conditions d\u2019utilisation et des ventes \u00bb). Le site est la propri\u00e9t\u00e9 exclusive d\u2019Intermiel inc. En plus des Conditions d\u2019utilisation et des ventes, la Politique de confidentialit\u00e9 s\u2019applique \u00e0 l\u2019utilisation du site. Les Conditions d\u2019utilisation et des ventes peuvent \u00eatre modifi\u00e9es sans pr\u00e9avis ; toute modification entrera en vigueur \u00e0 compter de sa publication sur le site. Il est de votre responsabilit\u00e9 de v\u00e9rifier les mises \u00e0 jour effectu\u00e9es aux Conditions d\u2019utilisation et des ventes. Votre utilisation du site apr\u00e8s la mise \u00e0 jour des Conditions d\u2019utilisation et des ventes sera consid\u00e9r\u00e9e comme une acceptation des Conditions d\u2019utilisation et des ventes modifi\u00e9es.<\/p>\n<h4>2. Droit de refuser ou d&#8217;annuler votre commande\u00a0<\/h4>\n<p>Intermiel inc. peut, \u00e0 sa seule et enti\u00e8re discr\u00e9tion, refuser ou annuler toute commande ainsi que limiter les quantit\u00e9s command\u00e9es. Intermiel inc. peut \u00e9galement requ\u00e9rir des informations additionnelles avant de traiter votre commande. \u00c0 tout moment suite \u00e0 la r\u00e9ception de votre commande, Intermiel inc. se r\u00e9serve le droit d\u2019accepter, de refuser ou d\u2019annuler votre commande pour toute raison que ce soit. Intermiel inc. peut notamment, mais non limitativement, refuser ou annuler une commande pour les motifs suivants :<\/p>\n<ul>\n<li>le produit n&#8217;est pas disponible ou est en rupture de stock;<\/li>\n<li>les renseignements de facturation sont erron\u00e9s;<\/li>\n<li>vous venez d&#8217;une r\u00e9gion \u00e9loign\u00e9e au Qu\u00e9bec ou autre province et donc les promotions sur les livraisons ne s&#8217;appliquent pas;<\/li>\n<li>la commande est signal\u00e9e par nos syst\u00e8mes de s\u00e9curit\u00e9 comme ayant un caract\u00e8re inhabituel ou \u00e9tant susceptible d&#8217;\u00eatre frauduleuse;<\/li>\n<li>nous avons des raisons de penser que vous \u00eates un revendeur, un marchand;<\/li>\n<li>nous avons des raisons de penser que vous \u00eates une entreprise et que vous effectuer une commande corporative;<\/li>\n<li>en cas d&#8217;erreur de r\u00e9daction, de prix ou toute autre erreur li\u00e9e aux renseignements disponibles sur le site web.<\/li>\n<\/ul>\n<p>Intermiel inc. s\u2019engage toutefois \u00e0 rembourser toute commande annul\u00e9e apr\u00e8s la facturation.<\/p>\n<h4>3. Politique de livraison\u00a0<\/h4>\n<p><strong>D\u00e9lai de livraison<\/strong> | Les commandes effectu\u00e9es sur le site intermiel.com sont normalement trait\u00e9es dans un d\u00e9lai de 36h ouvrable. Il faut cependant pr\u00e9voir un d\u00e9lai de livraison plus important pour les r\u00e9gions \u00e9loign\u00e9es ou hors du Qu\u00e9bec. Intermiel inc. ne peut \u00eatre tenu responsable des d\u00e9lais de livraison exc\u00e9dentaires occasionn\u00e9s par les transporteurs (Postes Canada, Fedex, etc.). Un d\u00e9lai de 2 \u00e0 12 semaines est requis pour les commandes \u00e0 l\u2019international.<\/p>\n<p><strong>R\u00e9gions \u00e9loign\u00e9es du Canada<\/strong> | Les clients des r\u00e9gions \u00e9loign\u00e9es du Canada sont les bienvenus sur intermiel.com. Les frais de livraison sont calcul\u00e9s en fonction du poids de la commande et de votre localisation. Sachez que nous nous r\u00e9servons le droit d&#8217;annuler votre commande si une promotion sur la livraison gratuite s&#8217;est appliqu\u00e9e alors qu&#8217;elle n&#8217;est pas valide dans votre cas. Le calculateur de frais vous indiquera le prix associ\u00e9 lors de la confirmation de votre commande. Le d\u00e9lai de livraison d\u00e9pend de votre localisation et peut repr\u00e9senter jusqu\u2019\u00e0 8 jours ouvrables en temps normal.<\/p>\n<p><strong>P\u00e9riode des F\u00eates<\/strong> | En raison du taux d\u2019utilisation accrue des services postaux pendant le temps des F\u00eates, les d\u00e9lais de livraison pendant cette p\u00e9riode peuvent \u00eatre plus longs. Dans aucun cas Intermiel inc. ne peut \u00eatre tenu responsable d\u2019une date de livraison plus tardive. Les promotions li\u00e9es au frais de transport gratuit peuvent \u00eatre modifi\u00e9es ou annul\u00e9es en tout temps. Celles-ci peuvent avoir leur propre technicit\u00e9 tel qu\u2019exclusivement au Qu\u00e9bec, partout au Canada, etc. Ces promotions ne s\u2019appliquent uniquement qu\u2019aux commandes pass\u00e9es en ligne.<\/p>\n<p><strong>Poids maximal<\/strong> |Le poids maximal de tout colis livr\u00e9 par Intermiel inc. est de 24 kg.<\/p>\n<p><strong>Paiement<\/strong> | Les commandes pass\u00e9es sur le site doivent \u00eatre pay\u00e9es par carte de cr\u00e9dit VISA ou MASTERCARD. Le prix est payable en totalit\u00e9 et en un seul versement au moment de la commande.<\/p>\n<p><strong>Prix<\/strong> | Le prix payable pour chaque produit que vous commandez est celui apparaissant sur le site \u00e0 l\u2019\u00e9gard de chaque produit offert, incluant les taxes applicables. Les frais de livraison devront \u00eatre ajout\u00e9s \u00e0 ce prix. Tous les prix sont en dollars canadiens CAD. Intermiel inc. se r\u00e9serve le droit de modifier en tout temps le prix des produits offerts sur le site, sans pr\u00e9avis. Les prix des produits sur le site peuvent diff\u00e9rer des prix offerts pour les m\u00eames produits dans la boutique Intermiel inc. ou les autres points de vente (kiosques, march\u00e9s).<\/p>\n<p><strong>Colis internationaux<\/strong> | Pour toute livraison \u00e0 l\u2019ext\u00e9rieur du Canada, les \u00e9ventuels frais de douanes et les taxes locales sont \u00e0 la charge du destinataire. \u00c0 noter que les taux de change appliqu\u00e9s sont ceux en vigueur au jour de la commande. Intermiel inc. et intermiel.com n\u2019est pas en mesure de fournir des estimations quant aux droits de douane et le client doit v\u00e9rifier par lui-m\u00eame aupr\u00e8s de son bureau des douanes local.<\/p>\n<p><strong>Colis perdu<\/strong> | Si votre colis a \u00e9t\u00e9 \u00e9gar\u00e9 durant le transport, SVP nous aviser par courriel \u00e0 contact@intermiel.com ou par t\u00e9l\u00e9phone au 450-258-2713, dans les 10 jours ouvrables suivants la date de commande. Lorsqu\u2019un colis est \u00e9gar\u00e9, notre \u00e9quipe fait rapidement un suivi du dossier aupr\u00e8s de Postes Canada par l&#8217;ouverture d&#8217;un billet de service. Postes Canada affiche un d\u00e9lai de 10 jours ouvrables \u00e0 partir de la date de r\u00e9clamation pour r\u00e9pondre afin de savoir si le colis a \u00e9t\u00e9 retrouv\u00e9 ou s\u2019il est r\u00e9ellement perdu. Suite au dixi\u00e8me jour, si le colis est toujours perdu, nous vous renverrons gratuitement les produits ou nous rembourserons la commande, \u00e0 votre choix. Vous serez tenu inform\u00e9 tout au long du processus par notre service \u00e0 la client\u00e8le.<\/p>\n<p>Articles endommag\u00e9s lors du transport | Intermiel inc. s\u2019assure d\u2019exp\u00e9dier les articles dans un \u00e9tat conforme au produit propos\u00e9 sur intermiel.com et s\u2019assure d\u2019emballer ad\u00e9quatement les items afin d\u2019\u00e9viter des bris lors du transport. Si vous recevez un article endommag\u00e9, veuillez nous envoyer un courriel \u00e0 contact@intermiel.com ou t\u00e9l\u00e9phoner au 450-258-2713 dans les 5 jours ouvrables suivants la r\u00e9ception du colis. Dans le cas d\u2019un produit endommag\u00e9, Intermiel inc. s\u2019engage \u00e0 rembourser la valeur de l\u2019article endommag\u00e9 et les taxes (si applicable). Dans le cas d\u2019un renvoi des produits, un nouveau colis sera exp\u00e9di\u00e9 en 2 \u00e0 5 jours ouvrables.<\/p>\n<p>Annulation ou modification d\u2019une commande | Pour annuler ou modifier une commande en cours, veuillez nous envoyer un courriel \u00e0 contact@intermiel.com ou t\u00e9l\u00e9phoner le service \u00e0 la client\u00e8le au 450-258-2713. Si le colis n\u2019est pas exp\u00e9di\u00e9, le montant de la commande pourra \u00eatre rembours\u00e9 ou modifi\u00e9. Si votre commande a d\u00e9j\u00e0 \u00e9t\u00e9 exp\u00e9di\u00e9e, il sera impossible d\u2019obtenir un remboursement pour les produits exp\u00e9di\u00e9s.<\/p>\n<h4>4. Remboursement<\/h4>\n<p>Aucun remboursement ne sera accord\u00e9 sur les produits une fois la commande effectu\u00e9e sauf si les produits vendus sont d\u00e9fectueux ou non conformes \u00e0 votre commande. * Un miel cristallis\u00e9 n&#8217;est pas consid\u00e9r\u00e9 un produit d\u00e9fectueux ou non conforme. Tous les produits d\u00e9fectueux ou non conformes \u00e0 votre commande doivent \u00eatre retourn\u00e9s dans un d\u00e9lai de vingt jours suivant la r\u00e9ception de la commande et \u00eatre accompagn\u00e9s de la facture. Les frais de retour sont \u00e0 la charge du client. Les produits doivent \u00eatre intacts et dans leur emballage original. Pour des questions d\u2019hygi\u00e8ne, les produits cosm\u00e9tiques ne peuvent \u00eatre retourn\u00e9s. Pour tout produit d\u00e9fectueux ou non conforme \u00e0 votre commande, Intermiel inc. vous remboursera le prix d\u2019achat du produit et la portion des frais de livraison relatifs au produit rembours\u00e9 (incluant les taxes) sur r\u00e9ception des produits. Le remboursement sera effectu\u00e9 sur la carte de cr\u00e9dit utilis\u00e9e pour effectuer la commande. Les produits d\u00e9fectueux ou non conformes \u00e0 la commande doivent \u00eatre retourn\u00e9s \u00e0 : Intermiel, 10291 rang de la Fresni\u00e8re, Mirabel, Qu\u00e9bec, J7N 3M3.<\/p>\n<h4>5. Vente en ligne exclusive aux consommateurs<\/h4>\n<p>Intermiel inc. vend des produits en ligne uniquement aux consommateurs. Par cons\u00e9quent, nous nous r\u00e9servons le droit de refuser ou d\u2019annuler votre commande si nous croyons que les produits sont destin\u00e9s \u00e0 la revente.<\/p>\n<h4>6. Disponibilit\u00e9 et limitations des produits<\/h4>\n<p>Compte tenu de la popularit\u00e9 et des contraintes d\u2019approvisionnement de certains de nos produits, Intermiel inc. se r\u00e9serve le droit de limiter la quantit\u00e9 de produits disponibles \u00e0 l\u2019achat. Les produits disponibles sont sujets \u00e0 changement sans pr\u00e9avis. Les sp\u00e9ciaux ainsi que les promotions sont limit\u00e9s \u00e0 l\u2019inventaire disponible.<\/p>\n<h4>7. Photos et\/ou illustration de produits<\/h4>\n<p>Certains produits peuvent \u00eatre associ\u00e9s \u00e0 une image ou photographie. Les images ou photos des produits sont fournies \u00e0 titre de r\u00e9f\u00e9rence ou \u00e0 des fins d\u2019illustration uniquement et peuvent diff\u00e9rer du produit r\u00e9el. En raison des diff\u00e9rences au sein des \u00e9crans, les couleurs des produits peuvent \u00e9galement appara\u00eetre diff\u00e9remment de celles indiqu\u00e9es sur le pr\u00e9sent site web. Les assortiments et s\u00e9lections de produits, les emballages et les rubans peuvent varier sans pr\u00e9avis. Les images sur intermiel.com sont prot\u00e9g\u00e9es par droit d\u2019auteur et ne peuvent \u00eatre utilis\u00e9es sans l\u2019autorisation d\u2019Intermiel inc.\u00a0<\/p>\n<h4>8. Force majeure<\/h4>\n<p>Intermiel inc. ne sera pas responsable de l&#8217;inex\u00e9cution, en tout ou en partie, de quelconque de ses obligations envers vous, ni des dommages ou pertes que vous pourriez subir, si l&#8217;inex\u00e9cution, les dommages ou les pertes r\u00e9sultent d&#8217;un cas de force majeure ou d&#8217;une circonstance hors de son contr\u00f4le.<\/p>\n<h4>9. Lois applicables<\/h4>\n<p>Les pr\u00e9sentes conditions de vente sont r\u00e9gies par les lois de la province de Qu\u00e9bec et les lois du Canada qui s\u2019y appliquent et elles doivent \u00eatre interpr\u00e9t\u00e9es conform\u00e9ment \u00e0 ces lois ; par ailleurs, tout litige doit \u00eatre soumis \u00e0 un tribunal comp\u00e9tent du district judiciaire de Qu\u00e9bec, province du Qu\u00e9bec. Si une stipulation des pr\u00e9sentes conditions des ventes est ill\u00e9gale, nulle ou non applicable, alors cette stipulation sera r\u00e9put\u00e9e non \u00e9crite sans restreindre la port\u00e9e des autres dispositions. Les conditions des ventes et tout autre avis l\u00e9gal ou toutes autres d\u00e9clarations apparaissant sur le site constituent l\u2019int\u00e9gralit\u00e9 de la convention conclue entre vous et Intermiel inc. en ce qui a trait \u00e0 l\u2019utilisation du site, notamment de son contenu.<\/p>\n<h4>10. Contenu du site<\/h4>\n<p>Le nom et le logo Intermiel inc. sont des marques de commerce d\u2019Intermiel inc. Vous ne pouvez pas les copier, les imiter, les modifier, les reproduire, les publier, les afficher, les distribuer, ni les utiliser de quelque fa\u00e7on que ce soit, en tout ou partie, sans l\u2019autorisation \u00e9crite pr\u00e9alable d\u2019Intermiel inc. De plus, tous les scripts, en-t\u00eates de page, graphismes personnalis\u00e9s et ic\u00f4nes de boutons du site sont consid\u00e9r\u00e9s comme faisant partie des marques de commerce d\u2019Intermiel inc. et comme \u00e9tant la propri\u00e9t\u00e9 exclusive d\u2019Intermiel inc. M\u00eame si Intermiel inc. s\u2019efforce d\u2019assurer la disponibilit\u00e9 maximale du site, il peut arriver que ce dernier soit interrompu, y compris, mais sans s\u2019y limiter, en cas d\u2019op\u00e9rations planifi\u00e9es de maintenance ou de mise \u00e0 niveau, de r\u00e9paration urgente ou de d\u00e9faillance du mat\u00e9riel ou des liaisons de t\u00e9l\u00e9communication. Intermiel inc. se r\u00e9serve en outre le droit de supprimer toute partie du site, pour quelque raison que ce soit et sans avis pr\u00e9alable.<\/p>\n<h4>11. Exon\u00e9ration\/limitation de responsabilit\u00e9<\/h4>\n<p>Le site, notamment le contenu et les services qu\u2019il offre, est mis \u00e0 votre disposition sans aucune garantie, qu\u2019elle soit expresse ou implicite. Intermiel inc. ne garantit pas que les fonctions offertes sur son site le seront sans interruption, ne comporteront pas d\u2019erreurs, de virus ou d&#8217;autres nuisances ou situations incommodantes. Intermiel inc. ne peut, en aucun cas ni aucune circonstance, \u00eatre tenue responsable des dommages directs ou indirects r\u00e9sultant de l\u2019utilisation du site, de son contenu ou des services offerts ou de l\u2019impossibilit\u00e9 \u00e0 utiliser ceux-ci, ou qui y seraient reli\u00e9s, et ce, m\u00eame si Intermiel inc. a \u00e9t\u00e9 avis\u00e9e de la possibilit\u00e9 de ces dommages.<\/p>\n","protected":false},"excerpt":{"rendered":"<p>1. Conditions utilisation et des ventes\u00a0 Votre utilisation du site web intermiel.com (le \u00ab Site \u00bb) d\u2019 Intermiel inc. (\u00ab Intermiel \u00bb) indique que vous acceptez les pr\u00e9sentes conditions d\u2019utilisation et des ventes (les \u00ab Conditions d\u2019utilisation et des ventes \u00bb). Le site est la propri\u00e9t\u00e9 exclusive d\u2019Intermiel inc. En plus des Conditions d\u2019utilisation et [&hellip;]<\/p>\n","protected":false},"author":2691,"featured_media":0,"parent":0,"menu_order":4,"comment_status":"closed","ping_status":"closed","template":"","meta":{"_acf_changed":false,"inline_featured_image":false,"footnotes":""},"class_list":["post-29795","page","type-page","status-publish","hentry"],"acf":[],"yoast_head":"<!-- This site is optimized with the Yoast SEO plugin v27.2 - https:\/\/yoast.com\/product\/yoast-seo-wordpress\/ -->\n<title>Terms of Use and Sales - intermiel<\/title>\n<meta name=\"robots\" content=\"index, follow, max-snippet:-1, max-image-preview:large, max-video-preview:-1\" \/>\n<link rel=\"canonical\" href=\"https:\/\/intermiel.com\/en\/terms-of-use-and-sales\/\" \/>\n<meta property=\"og:locale\" content=\"en_US\" \/>\n<meta property=\"og:type\" content=\"article\" \/>\n<meta property=\"og:title\" content=\"Terms of Use and Sales - intermiel\" \/>\n<meta property=\"og:description\" content=\"1. Conditions utilisation et des ventes\u00a0 Votre utilisation du site web intermiel.com (le \u00ab Site \u00bb) d\u2019 Intermiel inc. (\u00ab Intermiel \u00bb) indique que vous acceptez les pr\u00e9sentes conditions d\u2019utilisation et des ventes (les \u00ab Conditions d\u2019utilisation et des ventes \u00bb). Le site est la propri\u00e9t\u00e9 exclusive d\u2019Intermiel inc. En plus des Conditions d\u2019utilisation et [&hellip;]\" \/>\n<meta property=\"og:url\" content=\"https:\/\/intermiel.com\/en\/terms-of-use-and-sales\/\" \/>\n<meta property=\"og:site_name\" content=\"intermiel\" \/>\n<meta property=\"article:modified_time\" content=\"2025-02-13T16:19:51+00:00\" \/>\n<meta name=\"twitter:card\" content=\"summary_large_image\" \/>\n<meta name=\"twitter:label1\" content=\"Est. reading time\" \/>\n\t<meta name=\"twitter:data1\" content=\"10 minutes\" \/>\n<script type=\"application\/ld+json\" class=\"yoast-schema-graph\">{\"@context\":\"https:\/\/schema.org\",\"@graph\":[{\"@type\":\"WebPage\",\"@id\":\"https:\/\/intermiel.com\/en\/terms-of-use-and-sales\/\",\"url\":\"https:\/\/intermiel.com\/en\/terms-of-use-and-sales\/\",\"name\":\"Terms of Use and Sales - intermiel\",\"isPartOf\":{\"@id\":\"https:\/\/intermiel.com\/#website\"},\"datePublished\":\"2020-01-21T16:36:56+00:00\",\"dateModified\":\"2025-02-13T16:19:51+00:00\",\"breadcrumb\":{\"@id\":\"https:\/\/intermiel.com\/en\/terms-of-use-and-sales\/#breadcrumb\"},\"inLanguage\":\"en-US\",\"potentialAction\":[{\"@type\":\"ReadAction\",\"target\":[\"https:\/\/intermiel.com\/en\/terms-of-use-and-sales\/\"]}]},{\"@type\":\"BreadcrumbList\",\"@id\":\"https:\/\/intermiel.com\/en\/terms-of-use-and-sales\/#breadcrumb\",\"itemListElement\":[{\"@type\":\"ListItem\",\"position\":1,\"name\":\"Accueil\",\"item\":\"https:\/\/intermiel.com\/en\/\"},{\"@type\":\"ListItem\",\"position\":2,\"name\":\"Terms of Use and Sales\"}]},{\"@type\":\"WebSite\",\"@id\":\"https:\/\/intermiel.com\/#website\",\"url\":\"https:\/\/intermiel.com\/\",\"name\":\"intermiel\",\"description\":\"Le monde des abeilles, un monde a d\u00e9couvrir\",\"potentialAction\":[{\"@type\":\"SearchAction\",\"target\":{\"@type\":\"EntryPoint\",\"urlTemplate\":\"https:\/\/intermiel.com\/?s={search_term_string}\"},\"query-input\":{\"@type\":\"PropertyValueSpecification\",\"valueRequired\":true,\"valueName\":\"search_term_string\"}}],\"inLanguage\":\"en-US\"}]}<\/script>\n<!-- \/ Yoast SEO plugin. -->","yoast_head_json":{"title":"Terms of Use and Sales - intermiel","robots":{"index":"index","follow":"follow","max-snippet":"max-snippet:-1","max-image-preview":"max-image-preview:large","max-video-preview":"max-video-preview:-1"},"canonical":"https:\/\/intermiel.com\/en\/terms-of-use-and-sales\/","og_locale":"en_US","og_type":"article","og_title":"Terms of Use and Sales - intermiel","og_description":"1. Conditions utilisation et des ventes\u00a0 Votre utilisation du site web intermiel.com (le \u00ab Site \u00bb) d\u2019 Intermiel inc. (\u00ab Intermiel \u00bb) indique que vous acceptez les pr\u00e9sentes conditions d\u2019utilisation et des ventes (les \u00ab Conditions d\u2019utilisation et des ventes \u00bb). Le site est la propri\u00e9t\u00e9 exclusive d\u2019Intermiel inc. En plus des Conditions d\u2019utilisation et [&hellip;]","og_url":"https:\/\/intermiel.com\/en\/terms-of-use-and-sales\/","og_site_name":"intermiel","article_modified_time":"2025-02-13T16:19:51+00:00","twitter_card":"summary_large_image","twitter_misc":{"Est. reading time":"10 minutes"},"schema":{"@context":"https:\/\/schema.org","@graph":[{"@type":"WebPage","@id":"https:\/\/intermiel.com\/en\/terms-of-use-and-sales\/","url":"https:\/\/intermiel.com\/en\/terms-of-use-and-sales\/","name":"Terms of Use and Sales - intermiel","isPartOf":{"@id":"https:\/\/intermiel.com\/#website"},"datePublished":"2020-01-21T16:36:56+00:00","dateModified":"2025-02-13T16:19:51+00:00","breadcrumb":{"@id":"https:\/\/intermiel.com\/en\/terms-of-use-and-sales\/#breadcrumb"},"inLanguage":"en-US","potentialAction":[{"@type":"ReadAction","target":["https:\/\/intermiel.com\/en\/terms-of-use-and-sales\/"]}]},{"@type":"BreadcrumbList","@id":"https:\/\/intermiel.com\/en\/terms-of-use-and-sales\/#breadcrumb","itemListElement":[{"@type":"ListItem","position":1,"name":"Accueil","item":"https:\/\/intermiel.com\/en\/"},{"@type":"ListItem","position":2,"name":"Terms of Use and Sales"}]},{"@type":"WebSite","@id":"https:\/\/intermiel.com\/#website","url":"https:\/\/intermiel.com\/","name":"intermiel","description":"Le monde des abeilles, un monde a d\u00e9couvrir","potentialAction":[{"@type":"SearchAction","target":{"@type":"EntryPoint","urlTemplate":"https:\/\/intermiel.com\/?s={search_term_string}"},"query-input":{"@type":"PropertyValueSpecification","valueRequired":true,"valueName":"search_term_string"}}],"inLanguage":"en-US"}]}},"_links":{"self":[{"href":"https:\/\/intermiel.com\/en\/wp-json\/wp\/v2\/pages\/29795","targetHints":{"allow":["GET"]}}],"collection":[{"href":"https:\/\/intermiel.com\/en\/wp-json\/wp\/v2\/pages"}],"about":[{"href":"https:\/\/intermiel.com\/en\/wp-json\/wp\/v2\/types\/page"}],"author":[{"embeddable":true,"href":"https:\/\/intermiel.com\/en\/wp-json\/wp\/v2\/users\/2691"}],"replies":[{"embeddable":true,"href":"https:\/\/intermiel.com\/en\/wp-json\/wp\/v2\/comments?post=29795"}],"version-history":[{"count":4,"href":"https:\/\/intermiel.com\/en\/wp-json\/wp\/v2\/pages\/29795\/revisions"}],"predecessor-version":[{"id":43379,"href":"https:\/\/intermiel.com\/en\/wp-json\/wp\/v2\/pages\/29795\/revisions\/43379"}],"wp:attachment":[{"href":"https:\/\/intermiel.com\/en\/wp-json\/wp\/v2\/media?parent=29795"}],"curies":[{"name":"wp","href":"https:\/\/api.w.org\/{rel}","templated":true}]}}