{"id":29794,"date":"2020-01-21T11:58:23","date_gmt":"2020-01-21T16:58:23","guid":{"rendered":"https:\/\/intermiel.com\/?page_id=29794"},"modified":"2025-02-13T11:13:31","modified_gmt":"2025-02-13T16:13:31","slug":"privacy-policy","status":"publish","type":"page","link":"https:\/\/intermiel.com\/en\/privacy-policy\/","title":{"rendered":"Privacy Policy"},"content":{"rendered":"<h4>Renseignements personnels envoy\u00e9s par le site<\/h4>\n<p>Intermiel inc. d\u00e9sire assurer la protection de l\u2019information transmise via intermiel.com ainsi que le respect de votre vie priv\u00e9e. Nous avons donc mis en place des contr\u00f4les sur la fa\u00e7on dont les renseignements personnels sont utilis\u00e9s et communiqu\u00e9s. D\u2019une part, les serveurs de intermiel.com sont prot\u00e9g\u00e9s par une technologie de type coupe-feu. D\u2019autre part, les serveurs de intermiel.com utilisent la technologie de transmission des informations s\u00e9curis\u00e9es \u00ab Secure Socket Layers \u00bb (SSL). Au moment de la commande, ce mode s\u00e9curis\u00e9 est activ\u00e9 et toutes les informations alors transmises aux serveurs de intermiel.com sont encrypt\u00e9es afin de prot\u00e9ger leur int\u00e9grit\u00e9 et leur confidentialit\u00e9 durant leur transfert. Il existe toujours un certain niveau de risque que les informations personnelles transmises \u00e0 intermiel.com soient divulgu\u00e9es, sans faute de la part de intermiel.com et sans son consentement. intermiel.com d\u00e9cline toute responsabilit\u00e9 reli\u00e9e au fait que de telles informations confidentielles pourraient \u00eatre divulgu\u00e9es. Intermiel inc. ne vend pas, ne commercialise pas et ne loue pas \u00e0 des tiers les informations vous concernant. En utilisant intermiel.com, vous acceptez de vous conformer \u00e0 nos pratiques de confidentialit\u00e9 et s\u00e9curit\u00e9. Seuls les employ\u00e9s et repr\u00e9sentants d\u00fbment autoris\u00e9s d\u2019Intermiel inc. peuvent avoir acc\u00e8s \u00e0 vos renseignements personnels lors d\u2019une commande Internet par exemple et ce, dans l\u2019exercice strict de leurs fonctions.<\/p>\n<h4>Les t\u00e9moins (ou \u00ab cookies \u00bb)<\/h4>\n<p>intermiel.com peut utiliser des t\u00e9moins afin notamment de personnaliser l\u2019utilisation du site et de collecter des renseignements qui \u00e9tablissent l\u2019achalandage du site et de ses pages. Ces informations pourront servir \u00e0 am\u00e9liorer le service sur intermiel.com. Le t\u00e9moin est un fichier texte qui s\u2019incorpore sur le disque dur de l\u2019utilisateur \u00e0 partir de certaines pages du site. Les t\u00e9moins sont inoffensifs et en ce sens, ils ne peuvent pas extraire d\u2019informations du disque dur de l\u2019utilisateur. Il est possible en tout temps de ne plus \u00eatre assujetti aux t\u00e9moins en modifiant la configuration de votre navigateur.<\/p>\n","protected":false},"excerpt":{"rendered":"<p>Renseignements personnels envoy\u00e9s par le site Intermiel inc. d\u00e9sire assurer la protection de l\u2019information transmise via intermiel.com ainsi que le respect de votre vie priv\u00e9e. Nous avons donc mis en place des contr\u00f4les sur la fa\u00e7on dont les renseignements personnels sont utilis\u00e9s et communiqu\u00e9s. D\u2019une part, les serveurs de intermiel.com sont prot\u00e9g\u00e9s par une technologie [&hellip;]<\/p>\n","protected":false},"author":2691,"featured_media":0,"parent":0,"menu_order":3,"comment_status":"closed","ping_status":"closed","template":"","meta":{"_acf_changed":false,"inline_featured_image":false,"footnotes":""},"class_list":["post-29794","page","type-page","status-publish","hentry"],"acf":[],"yoast_head":"<!-- This site is optimized with the Yoast SEO plugin v27.2 - https:\/\/yoast.com\/product\/yoast-seo-wordpress\/ -->\n<title>Privacy Policy - intermiel<\/title>\n<meta name=\"robots\" content=\"index, follow, max-snippet:-1, max-image-preview:large, max-video-preview:-1\" \/>\n<link rel=\"canonical\" href=\"https:\/\/intermiel.com\/en\/privacy-policy\/\" \/>\n<meta property=\"og:locale\" content=\"en_US\" \/>\n<meta property=\"og:type\" content=\"article\" \/>\n<meta property=\"og:title\" content=\"Privacy Policy - intermiel\" \/>\n<meta property=\"og:description\" content=\"Renseignements personnels envoy\u00e9s par le site Intermiel inc. d\u00e9sire assurer la protection de l\u2019information transmise via intermiel.com ainsi que le respect de votre vie priv\u00e9e. Nous avons donc mis en place des contr\u00f4les sur la fa\u00e7on dont les renseignements personnels sont utilis\u00e9s et communiqu\u00e9s. D\u2019une part, les serveurs de intermiel.com sont prot\u00e9g\u00e9s par une technologie [&hellip;]\" \/>\n<meta property=\"og:url\" content=\"https:\/\/intermiel.com\/en\/privacy-policy\/\" \/>\n<meta property=\"og:site_name\" content=\"intermiel\" \/>\n<meta property=\"article:modified_time\" content=\"2025-02-13T16:13:31+00:00\" \/>\n<meta name=\"twitter:card\" content=\"summary_large_image\" \/>\n<meta name=\"twitter:label1\" content=\"Est. reading time\" \/>\n\t<meta name=\"twitter:data1\" content=\"2 minutes\" \/>\n<script type=\"application\/ld+json\" class=\"yoast-schema-graph\">{\"@context\":\"https:\/\/schema.org\",\"@graph\":[{\"@type\":\"WebPage\",\"@id\":\"https:\/\/intermiel.com\/en\/privacy-policy\/\",\"url\":\"https:\/\/intermiel.com\/en\/privacy-policy\/\",\"name\":\"Privacy Policy - intermiel\",\"isPartOf\":{\"@id\":\"https:\/\/intermiel.com\/#website\"},\"datePublished\":\"2020-01-21T16:58:23+00:00\",\"dateModified\":\"2025-02-13T16:13:31+00:00\",\"breadcrumb\":{\"@id\":\"https:\/\/intermiel.com\/en\/privacy-policy\/#breadcrumb\"},\"inLanguage\":\"en-US\",\"potentialAction\":[{\"@type\":\"ReadAction\",\"target\":[\"https:\/\/intermiel.com\/en\/privacy-policy\/\"]}]},{\"@type\":\"BreadcrumbList\",\"@id\":\"https:\/\/intermiel.com\/en\/privacy-policy\/#breadcrumb\",\"itemListElement\":[{\"@type\":\"ListItem\",\"position\":1,\"name\":\"Accueil\",\"item\":\"https:\/\/intermiel.com\/en\/\"},{\"@type\":\"ListItem\",\"position\":2,\"name\":\"Privacy Policy\"}]},{\"@type\":\"WebSite\",\"@id\":\"https:\/\/intermiel.com\/#website\",\"url\":\"https:\/\/intermiel.com\/\",\"name\":\"intermiel\",\"description\":\"Le monde des abeilles, un monde a d\u00e9couvrir\",\"potentialAction\":[{\"@type\":\"SearchAction\",\"target\":{\"@type\":\"EntryPoint\",\"urlTemplate\":\"https:\/\/intermiel.com\/?s={search_term_string}\"},\"query-input\":{\"@type\":\"PropertyValueSpecification\",\"valueRequired\":true,\"valueName\":\"search_term_string\"}}],\"inLanguage\":\"en-US\"}]}<\/script>\n<!-- \/ Yoast SEO plugin. -->","yoast_head_json":{"title":"Privacy Policy - intermiel","robots":{"index":"index","follow":"follow","max-snippet":"max-snippet:-1","max-image-preview":"max-image-preview:large","max-video-preview":"max-video-preview:-1"},"canonical":"https:\/\/intermiel.com\/en\/privacy-policy\/","og_locale":"en_US","og_type":"article","og_title":"Privacy Policy - intermiel","og_description":"Renseignements personnels envoy\u00e9s par le site Intermiel inc. d\u00e9sire assurer la protection de l\u2019information transmise via intermiel.com ainsi que le respect de votre vie priv\u00e9e. Nous avons donc mis en place des contr\u00f4les sur la fa\u00e7on dont les renseignements personnels sont utilis\u00e9s et communiqu\u00e9s. D\u2019une part, les serveurs de intermiel.com sont prot\u00e9g\u00e9s par une technologie [&hellip;]","og_url":"https:\/\/intermiel.com\/en\/privacy-policy\/","og_site_name":"intermiel","article_modified_time":"2025-02-13T16:13:31+00:00","twitter_card":"summary_large_image","twitter_misc":{"Est. reading time":"2 minutes"},"schema":{"@context":"https:\/\/schema.org","@graph":[{"@type":"WebPage","@id":"https:\/\/intermiel.com\/en\/privacy-policy\/","url":"https:\/\/intermiel.com\/en\/privacy-policy\/","name":"Privacy Policy - intermiel","isPartOf":{"@id":"https:\/\/intermiel.com\/#website"},"datePublished":"2020-01-21T16:58:23+00:00","dateModified":"2025-02-13T16:13:31+00:00","breadcrumb":{"@id":"https:\/\/intermiel.com\/en\/privacy-policy\/#breadcrumb"},"inLanguage":"en-US","potentialAction":[{"@type":"ReadAction","target":["https:\/\/intermiel.com\/en\/privacy-policy\/"]}]},{"@type":"BreadcrumbList","@id":"https:\/\/intermiel.com\/en\/privacy-policy\/#breadcrumb","itemListElement":[{"@type":"ListItem","position":1,"name":"Accueil","item":"https:\/\/intermiel.com\/en\/"},{"@type":"ListItem","position":2,"name":"Privacy Policy"}]},{"@type":"WebSite","@id":"https:\/\/intermiel.com\/#website","url":"https:\/\/intermiel.com\/","name":"intermiel","description":"Le monde des abeilles, un monde a d\u00e9couvrir","potentialAction":[{"@type":"SearchAction","target":{"@type":"EntryPoint","urlTemplate":"https:\/\/intermiel.com\/?s={search_term_string}"},"query-input":{"@type":"PropertyValueSpecification","valueRequired":true,"valueName":"search_term_string"}}],"inLanguage":"en-US"}]}},"_links":{"self":[{"href":"https:\/\/intermiel.com\/en\/wp-json\/wp\/v2\/pages\/29794","targetHints":{"allow":["GET"]}}],"collection":[{"href":"https:\/\/intermiel.com\/en\/wp-json\/wp\/v2\/pages"}],"about":[{"href":"https:\/\/intermiel.com\/en\/wp-json\/wp\/v2\/types\/page"}],"author":[{"embeddable":true,"href":"https:\/\/intermiel.com\/en\/wp-json\/wp\/v2\/users\/2691"}],"replies":[{"embeddable":true,"href":"https:\/\/intermiel.com\/en\/wp-json\/wp\/v2\/comments?post=29794"}],"version-history":[{"count":3,"href":"https:\/\/intermiel.com\/en\/wp-json\/wp\/v2\/pages\/29794\/revisions"}],"predecessor-version":[{"id":43376,"href":"https:\/\/intermiel.com\/en\/wp-json\/wp\/v2\/pages\/29794\/revisions\/43376"}],"wp:attachment":[{"href":"https:\/\/intermiel.com\/en\/wp-json\/wp\/v2\/media?parent=29794"}],"curies":[{"name":"wp","href":"https:\/\/api.w.org\/{rel}","templated":true}]}}